{"id":512,"date":"2024-05-03T20:13:18","date_gmt":"2024-05-03T20:13:18","guid":{"rendered":"https:\/\/bluemuse.univ-lyon1.fr\/?page_id=512"},"modified":"2024-05-03T20:21:08","modified_gmt":"2024-05-03T20:21:08","slug":"science-team-meeting-2024","status":"publish","type":"page","link":"https:\/\/bluemuse.univ-lyon1.fr\/index.php\/science-team-meeting-2024\/","title":{"rendered":"Science Team Meeting 2024"},"content":{"rendered":"\n<p>Below are PDFs of the scientific presentations.<br>Video\/Audio recordings are available for some of the talks, by request to bluemuse-po@osulistes.univ-lyon1.fr<\/p>\n\n\n\n<p><\/p>\n\n\n\n<figure class=\"wp-block-table is-style-regular\"><table><thead><tr><th class=\"has-text-align-center\" data-align=\"center\"><strong>Speaker \/ institute<\/strong><\/th><th class=\"has-text-align-center\" data-align=\"center\"><span class=\"has-inline-color has-dark-gray-color\">Title<\/span><\/th><\/tr><\/thead><tbody><tr><td class=\"has-text-align-center\" data-align=\"center\"><strong>DAY 1<\/strong><\/td><td class=\"has-text-align-center\" data-align=\"center\"><\/td><\/tr><tr><td class=\"has-text-align-center\" data-align=\"center\">J.Richard (CRAL) <\/td><td class=\"has-text-align-center\" data-align=\"center\"><a href=\"https:\/\/cral-perso.univ-lyon1.fr\/labo\/perso\/johan.richard\/BlueMUSE\/ScienceTeam2024\/Richard_BlueMUSE_ScienceTeam_InNutshell.pdf\"> BlueMUSE in a Nutshell<\/a><\/td><\/tr><tr><td class=\"has-text-align-center\" data-align=\"center\">\u00c1ngel L\u00f3pez-S\u00e1nchez<br>(AAO \/ Macquarie)<\/td><td class=\"has-text-align-center\" data-align=\"center\"><a href=\"https:\/\/cral-perso.univ-lyon1.fr\/labo\/perso\/johan.richard\/BlueMUSE\/ScienceTeam2024\/Sanchez_BlueMUSE_ScienceTeam_ISM_HII_Starbursts.pdf\">ISM and the HII regions in extreme starburst<\/a><\/td><\/tr><tr><td class=\"has-text-align-center\" data-align=\"center\">Jesse van de Sande (Univ. of NSW)<\/td><td class=\"has-text-align-center\" data-align=\"center\"><a href=\"https:\/\/cral-perso.univ-lyon1.fr\/labo\/perso\/johan.richard\/BlueMUSE\/ScienceTeam2024\/vandeSande_BlueMUSE_ScienceTeam_GECKOS.pdf\">Cold Stellar Disks Seen Edge-on: Lessons learned from the VLT\/MUSE GECKOS Large Program<\/a><\/td><\/tr><tr><td class=\"has-text-align-center\" data-align=\"center\">Arjan Bik (Stockholm Univ.)<\/td><td class=\"has-text-align-center\" data-align=\"center\"><a href=\"https:\/\/cral-perso.univ-lyon1.fr\/labo\/perso\/johan.richard\/BlueMUSE\/ScienceTeam2024\/Bik_BlueMUSE_ScienceTeam_LyC_leakers.pdf\" data-type=\"URL\">Probing the spatially resolved ISM in Lyman continuum leaking galaxies with MUSE<\/a><\/td><\/tr><tr><td class=\"has-text-align-center\" data-align=\"center\">Augusto Lassen (Stockholm Univ.)<\/td><td class=\"has-text-align-center\" data-align=\"center\"><a href=\"https:\/\/cral-perso.univ-lyon1.fr\/labo\/perso\/johan.richard\/BlueMUSE\/ScienceTeam2024\/Lassen_BlueMUSE_ScienceTeam_ESO400-43.pdf\">Spatially resolved analysis of stellar feedback and ionised gas properties in ESO400-43&nbsp;<\/a><\/td><\/tr><tr><td class=\"has-text-align-center\" data-align=\"center\">Davor Krajnovi\u0107 (AIP)<\/td><td class=\"has-text-align-center\" data-align=\"center\"><a href=\"https:\/\/cral-perso.univ-lyon1.fr\/labo\/perso\/johan.richard\/BlueMUSE\/ScienceTeam2024\/Krajnovic_BlueMUSE_ScienceTeam_Core_cusp.pdf\">Cores and cusps with BlueMUSE<\/a><\/td><\/tr><tr><td class=\"has-text-align-center\" data-align=\"center\"><strong>DAY 2<\/strong><\/td><td class=\"has-text-align-center\" data-align=\"center\"><\/td><\/tr><tr><td class=\"has-text-align-center\" data-align=\"center\">Roland Bacon (CRAL)<\/td><td class=\"has-text-align-center\" data-align=\"center\"><a href=\"https:\/\/cral-perso.univ-lyon1.fr\/labo\/perso\/johan.richard\/BlueMUSE\/ScienceTeam2024\/Bacon_BlueMUSE_ScienceTeam-MUSE_GTO.pdf\">MUSE GTO Experience<\/a><\/td><\/tr><tr><td class=\"has-text-align-center\" data-align=\"center\">Norberto Castro (AIP)<\/td><td class=\"has-text-align-center\" data-align=\"center\"><a href=\"https:\/\/cral-perso.univ-lyon1.fr\/labo\/perso\/johan.richard\/BlueMUSE\/ScienceTeam2024\/Castro_BlueMUSE_ScienceTeam_MassiveStars.pdf\">Systematic mapping of the most massive stars with BlueMUSE<\/a><\/td><\/tr><tr><td class=\"has-text-align-center\" data-align=\"center\">Martin Roth (AIP)<\/td><td class=\"has-text-align-center\" data-align=\"center\"><a href=\"https:\/\/cral-perso.univ-lyon1.fr\/labo\/perso\/johan.richard\/BlueMUSE\/ScienceTeam2024\/Roth_BlueMUSE_ScienceTeam_PNLF.pdf\">The Planetary Nebula Luminosity Functions explored with BlueMUSE<\/a><\/td><\/tr><tr><td class=\"has-text-align-center\" data-align=\"center\">Bjarki Bj\u00f6rgvinsson (Durham University)<\/td><td class=\"has-text-align-center\" data-align=\"center\"><a href=\"https:\/\/cral-perso.univ-lyon1.fr\/labo\/perso\/johan.richard\/BlueMUSE\/ScienceTeam2024\/Bjorgvinsson_BlueMUSE_ScienceTeam_Resolved_stellar_populations_using_KCWI.pdf\">Resolved stellar populations with KCWI<\/a><\/td><\/tr><tr><td class=\"has-text-align-center\" data-align=\"center\">Cyrielle Opitom (Univ. of Edinburgh)<\/td><td class=\"has-text-align-center\" data-align=\"center\"><a href=\"https:\/\/cral-perso.univ-lyon1.fr\/labo\/perso\/johan.richard\/BlueMUSE\/ScienceTeam2024\/Opitom_BlueMUSE_ScienceTeam_Comets.pdf\">Observing Comets with BlueMUSE<\/a><\/td><\/tr><tr><td class=\"has-text-align-center\" data-align=\"center\">Susanna Vergani (GEPI)<\/td><td class=\"has-text-align-center\" data-align=\"center\"><a href=\"https:\/\/cral-perso.univ-lyon1.fr\/labo\/perso\/johan.richard\/BlueMUSE\/ScienceTeam2024\/Vergani_BlueMuse_ScienceTeam_GW_multimessenger.pdf\">Multi messenger science and synergies with BlueMUSE<\/a><\/td><\/tr><tr><td class=\"has-text-align-center\" data-align=\"center\"><strong>DAY 3<\/strong><\/td><td class=\"has-text-align-center\" data-align=\"center\"><\/td><\/tr><tr><td class=\"has-text-align-center\" data-align=\"center\">Martin Wendt (AIP)<\/td><td class=\"has-text-align-center\" data-align=\"center\"><a href=\"https:\/\/cral-perso.univ-lyon1.fr\/labo\/perso\/johan.richard\/BlueMUSE\/ScienceTeam2024\/Wendt_BlueMUSE_ScienceTeam_BlueSi.pdf\">BlueMUSE Simulator (BlueSi)<\/a><\/td><\/tr><tr><td class=\"has-text-align-center\" data-align=\"center\">Matthew Hayes (Stockholm Univ.)<\/td><td class=\"has-text-align-center\" data-align=\"center\"><a href=\"https:\/\/cral-perso.univ-lyon1.fr\/labo\/perso\/johan.richard\/BlueMUSE\/ScienceTeam2024\/Hayes_BlueMUSE_ScienceTeam_DAS.pdf\">BlueMUSE Data Analysis Software (DAS)<\/a><\/td><\/tr><tr><td class=\"has-text-align-center\" data-align=\"center\">Anne Verhamme (Univ. of Gen\u00e8ve)<\/td><td class=\"has-text-align-center\" data-align=\"center\"><a href=\"https:\/\/cral-perso.univ-lyon1.fr\/labo\/perso\/johan.richard\/BlueMUSE\/ScienceTeam2024\/Verhamme_BlueMUSE_ScienceTeam_LyC.pdf\">On the escape of ionising photons from galaxies: the contribution of nebular Lyman-continuum emission<\/a><\/td><\/tr><tr><td class=\"has-text-align-center\" data-align=\"center\">Tanya Urrutia (AIP)<\/td><td class=\"has-text-align-center\" data-align=\"center\"><a href=\"https:\/\/cral-perso.univ-lyon1.fr\/labo\/perso\/johan.richard\/BlueMUSE\/ScienceTeam2024\/Urrutia_BlueMUSE_ScienceTeam_Deep_Fields.pdf\">The BlueMUSE Deep Fields: science with deep redshift catalogs and lessons learned from MUSE<\/a><\/td><\/tr><tr><td class=\"has-text-align-center\" data-align=\"center\">Emanuele Daddi (AIM \/ CEA)<\/td><td class=\"has-text-align-center\" data-align=\"center\"><a href=\"https:\/\/cral-perso.univ-lyon1.fr\/labo\/perso\/johan.richard\/BlueMUSE\/ScienceTeam2024\/Daddi_BlueMUSE_ScienceTeam_Distant_Clusters.pdf\">Distant groups and clusters<\/a><\/td><\/tr><tr><td class=\"has-text-align-center\" data-align=\"center\">Ad\u00e9la\u00efde Claeyssens (Stockholm Univ.)<\/td><td class=\"has-text-align-center\" data-align=\"center\"><a href=\"https:\/\/cral-perso.univ-lyon1.fr\/labo\/perso\/johan.richard\/BlueMUSE\/ScienceTeam2024\/Claeyssens_BlueMUSE_ScienceTeam_Lensing.pdf\">Observations of gravitational lensing clusters with BlueMUSE<\/a><\/td><\/tr><\/tbody><\/table><\/figure>\n\n\n\n<p><\/p>\n","protected":false},"excerpt":{"rendered":"<p>Below are PDFs of the scientific presentations.Video\/Audio recordings are available for some of the talks, by request to bluemuse-po@osulistes.univ-lyon1.fr Speaker \/ institute Title DAY 1 J.Richard (CRAL) BlueMUSE in a Nutshell \u00c1ngel L\u00f3pez-S\u00e1nchez(AAO \/ Macquarie) ISM and the HII regions in extreme starburst Jesse van de Sande (Univ. of NSW) Cold Stellar Disks Seen Edge-on:&hellip;&nbsp;<a href=\"https:\/\/bluemuse.univ-lyon1.fr\/index.php\/science-team-meeting-2024\/\" rel=\"bookmark\">Read More &raquo;<span class=\"screen-reader-text\">Science Team Meeting 2024<\/span><\/a><\/p>\n","protected":false},"author":1,"featured_media":0,"parent":0,"menu_order":0,"comment_status":"closed","ping_status":"closed","template":"","meta":{"neve_meta_sidebar":"","neve_meta_container":"","neve_meta_enable_content_width":"","neve_meta_content_width":0,"neve_meta_title_alignment":"","neve_meta_author_avatar":"","neve_post_elements_order":"","neve_meta_disable_header":"","neve_meta_disable_footer":"","neve_meta_disable_title":"","footnotes":""},"class_list":["post-512","page","type-page","status-publish","hentry"],"_links":{"self":[{"href":"https:\/\/bluemuse.univ-lyon1.fr\/index.php\/wp-json\/wp\/v2\/pages\/512","targetHints":{"allow":["GET"]}}],"collection":[{"href":"https:\/\/bluemuse.univ-lyon1.fr\/index.php\/wp-json\/wp\/v2\/pages"}],"about":[{"href":"https:\/\/bluemuse.univ-lyon1.fr\/index.php\/wp-json\/wp\/v2\/types\/page"}],"author":[{"embeddable":true,"href":"https:\/\/bluemuse.univ-lyon1.fr\/index.php\/wp-json\/wp\/v2\/users\/1"}],"replies":[{"embeddable":true,"href":"https:\/\/bluemuse.univ-lyon1.fr\/index.php\/wp-json\/wp\/v2\/comments?post=512"}],"version-history":[{"count":12,"href":"https:\/\/bluemuse.univ-lyon1.fr\/index.php\/wp-json\/wp\/v2\/pages\/512\/revisions"}],"predecessor-version":[{"id":525,"href":"https:\/\/bluemuse.univ-lyon1.fr\/index.php\/wp-json\/wp\/v2\/pages\/512\/revisions\/525"}],"wp:attachment":[{"href":"https:\/\/bluemuse.univ-lyon1.fr\/index.php\/wp-json\/wp\/v2\/media?parent=512"}],"curies":[{"name":"wp","href":"https:\/\/api.w.org\/{rel}","templated":true}]}}