{"id":230,"date":"2020-11-12T10:36:22","date_gmt":"2020-11-12T10:36:22","guid":{"rendered":"http:\/\/bluemuse.univ-lyon1.fr\/?page_id=230"},"modified":"2024-04-22T09:15:33","modified_gmt":"2024-04-22T09:15:33","slug":"bluemuse-science-workshop","status":"publish","type":"page","link":"https:\/\/bluemuse.univ-lyon1.fr\/index.php\/bluemuse-science-workshop\/","title":{"rendered":"BlueMUSE Science Workshop &#8211; 2020"},"content":{"rendered":"\n<p>The first <a href=\"https:\/\/bluemuse-sw.sciencesconf.org\/\">BlueMUSE Science Workshop<\/a> happened virtually on Nov 9th Nov 10th 2020, with 196 registered participants! <\/p>\n\n\n\n<p>Below are PDFs of the scientific presentations.<br>Video\/Audio recordings are available for some of the talks, by request to bluemuse-sw@sciencesconf.org<\/p>\n\n\n\n<figure class=\"wp-block-table is-style-regular\"><table><thead><tr><th class=\"has-text-align-center\" data-align=\"center\"><strong>Speaker \/ institute<\/strong><\/th><th class=\"has-text-align-center\" data-align=\"center\"><span class=\"has-inline-color has-dark-gray-color\">Title<\/span><\/th><\/tr><\/thead><tbody><tr><td class=\"has-text-align-center\" data-align=\"center\">J.Richard (CRAL) <br>+ LOC\/SOC<\/td><td class=\"has-text-align-center\" data-align=\"center\"><a href=\"https:\/\/cral-perso.univ-lyon1.fr\/labo\/perso\/johan.richard\/BlueMUSE\/Workshop2020\/Welcome.pdf\">Workshop organisation<\/a><\/td><\/tr><tr><td class=\"has-text-align-center\" data-align=\"center\">R.Bacon (CRAL)<\/td><td class=\"has-text-align-center\" data-align=\"center\"><a href=\"https:\/\/cral-perso.univ-lyon1.fr\/labo\/perso\/johan.richard\/BlueMUSE\/Workshop2020\/Intro_RBacon.pdf\">Introduction, BlueMUSE context<\/a><\/td><\/tr><tr><td class=\"has-text-align-center\" data-align=\"center\">J.Richard (CRAL)<\/td><td class=\"has-text-align-center\" data-align=\"center\"><a href=\"https:\/\/cral-perso.univ-lyon1.fr\/labo\/perso\/johan.richard\/BlueMUSE\/Workshop2020\/BlueMUSE_Project.pdf\">BlueMUSE project overview<\/a><\/td><\/tr><tr><td class=\"has-text-align-center\" data-align=\"center\">A. Jeanneau (CRAL)<\/td><td class=\"has-text-align-center\" data-align=\"center\"><a href=\"https:\/\/cral-perso.univ-lyon1.fr\/labo\/perso\/johan.richard\/BlueMUSE\/Workshop2020\/BlueMUSE_Optical_Design.pdf\">BlueMUSE Optical Design<\/a><\/td><\/tr><tr><td class=\"has-text-align-center\" data-align=\"center\">C. Opitom (Univ of Edinburgh \/ ESO)<\/td><td class=\"has-text-align-center\" data-align=\"center\"><a href=\"https:\/\/cral-perso.univ-lyon1.fr\/labo\/perso\/johan.richard\/BlueMUSE\/Workshop2020\/Opitom.pdf\">Observing Comets with BlueMUSE<\/a><\/td><\/tr><tr><td class=\"has-text-align-center\" data-align=\"center\">V. Ivanov (ESO)<\/td><td class=\"has-text-align-center\" data-align=\"center\"><a href=\"https:\/\/cral-perso.univ-lyon1.fr\/labo\/perso\/johan.richard\/BlueMUSE\/Workshop2020\/Ivanov.pdf\">Haze in Exoplanet Atmospheres with BlueMUSE<\/a><\/td><\/tr><tr><td class=\"has-text-align-center\" data-align=\"center\">F. Martins (LUPM)<\/td><td class=\"has-text-align-center\" data-align=\"center\"><a href=\"https:\/\/cral-perso.univ-lyon1.fr\/labo\/perso\/johan.richard\/BlueMUSE\/Workshop2020\/Martins.pdf\">Constraining the Evolution of Massive Stars with BlueMUSE<\/a><\/td><\/tr><tr><td class=\"has-text-align-center\" data-align=\"center\">S. Kamann (Liverpool)<\/td><td class=\"has-text-align-center\" data-align=\"center\"><a href=\"https:\/\/cral-perso.univ-lyon1.fr\/labo\/perso\/johan.richard\/BlueMUSE\/Workshop2020\/Kamann.pdf\">Unraveling the mysteries of massive star clusters with BlueMUSE<\/a><\/td><\/tr><tr><td class=\"has-text-align-center\" data-align=\"center\">N. Castro (AIP)<\/td><td class=\"has-text-align-center\" data-align=\"center\"><a href=\"https:\/\/cral-perso.univ-lyon1.fr\/labo\/perso\/johan.richard\/BlueMUSE\/Workshop2020\/Castro.pdf\">Dissecting the most massive stars with MUSE <br>and the future leap forward with BlueMUSE<\/a><\/td><\/tr><tr><td class=\"has-text-align-center\" data-align=\"center\">M. Garc\u00eda (CSIC-INTA)<\/td><td class=\"has-text-align-center\" data-align=\"center\"><a href=\"https:\/\/cral-perso.univ-lyon1.fr\/labo\/perso\/johan.richard\/BlueMUSE\/Workshop2020\/Garcia.pdf\">Un-Targeted searches and characterization <br>of massive stars in Local Group galaxies with BlueMUSE<\/a><\/td><\/tr><tr><td class=\"has-text-align-center\" data-align=\"center\">J. Walsh (ESO)<\/td><td class=\"has-text-align-center\" data-align=\"center\"><a href=\"https:\/\/cral-perso.univ-lyon1.fr\/labo\/perso\/johan.richard\/BlueMUSE\/Workshop2020\/Walsh.pdf\">Planetary Nebulae with MUSE and BlueMUSE<\/a><\/td><\/tr><tr><td class=\"has-text-align-center\" data-align=\"center\">A. McLeod (Durham)<\/td><td class=\"has-text-align-center\" data-align=\"center\"><a href=\"https:\/\/cral-perso.univ-lyon1.fr\/labo\/perso\/johan.richard\/BlueMUSE\/Workshop2020\/McLeod.pdf\">Feedback from massive stars in nearby galaxies: BlueMUSE vs existing IFUs<\/a><\/td><\/tr><tr><td class=\"has-text-align-center\" data-align=\"center\">M. Hayes (Stockholm)<\/td><td class=\"has-text-align-center\" data-align=\"center\"><a href=\"https:\/\/cral-perso.univ-lyon1.fr\/labo\/perso\/johan.richard\/BlueMUSE\/Workshop2020\/Hayes.pdf\">Starbursting Galaxies: Extragalactic Science <br>enabled by BlueMUSE at low redshifts<\/a><\/td><\/tr><tr><td class=\"has-text-align-center\" data-align=\"center\">K. Kreckel (Heidelberg)<\/td><td class=\"has-text-align-center\" data-align=\"center\"><a href=\"https:\/\/cral-perso.univ-lyon1.fr\/labo\/perso\/johan.richard\/BlueMUSE\/Workshop2020\/Kreckel.pdf\">Dissecting Star formation in Nearby Galaxy<\/a><\/td><\/tr><tr><td class=\"has-text-align-center\" data-align=\"center\">A. Adamo (Stockholm)<\/td><td class=\"has-text-align-center\" data-align=\"center\"><a href=\"https:\/\/cral-perso.univ-lyon1.fr\/labo\/perso\/johan.richard\/BlueMUSE\/Workshop2020\/Adamo.pdf\">Multiscale stellar feedback in the era of large <br>optical IFUs: where we stand and what we will achieve with BlueMUSE<\/a><\/td><\/tr><tr><td class=\"has-text-align-center\" data-align=\"center\">G. Venturi<\/td><td class=\"has-text-align-center\" data-align=\"center\"><a href=\"https:\/\/cral-perso.univ-lyon1.fr\/labo\/perso\/johan.richard\/BlueMUSE\/Workshop2020\/Venturi.pdf\">Dissecting outflows and feedback in nearby AGN: from MUSE to BlueMUSE<\/a><\/td><\/tr><tr><td class=\"has-text-align-center\" data-align=\"center\">A. Moretti (INAF\/Padova)<\/td><td class=\"has-text-align-center\" data-align=\"center\"><a href=\"https:\/\/cral-perso.univ-lyon1.fr\/labo\/perso\/johan.richard\/BlueMUSE\/Workshop2020\/Moretti.pdf\">Gas stripping in galaxies: lessons from MUSE and perspectives for BlueMUSE<\/a><\/td><\/tr><tr><td class=\"has-text-align-center\" data-align=\"center\">\u00c1. L\u00f3pez-S\u00e1nchez<br>(AAO \/ Macquarie)<\/td><td class=\"has-text-align-center\" data-align=\"center\"><a href=\"https:\/\/cral-perso.univ-lyon1.fr\/labo\/perso\/johan.richard\/BlueMUSE\/Workshop2020\/LopezSanchez.pdf\">The HI KOALA IFS dwarf galaxy survey (HI-KIDS)<br>as an example of science case for BlueMUSE<\/a><\/td><\/tr><tr><td class=\"has-text-align-center\" data-align=\"center\">D. Krajnovi\u0107 (AIP)<\/td><td class=\"has-text-align-center\" data-align=\"center\"><a href=\"https:\/\/cral-perso.univ-lyon1.fr\/labo\/perso\/johan.richard\/BlueMUSE\/Workshop2020\/Krajnovic.pdf\">Mapping compact groups<\/a><\/td><\/tr><tr><td class=\"has-text-align-center\" data-align=\"center\">Junais (LAM)<\/td><td class=\"has-text-align-center\" data-align=\"center\"><a href=\"https:\/\/cral-perso.univ-lyon1.fr\/labo\/perso\/johan.richard\/BlueMUSE\/Workshop2020\/Junais.pdf\">A spectroscopic study of the giant low surface brightness galaxy Malin I<\/a><\/td><\/tr><tr><td class=\"has-text-align-center\" data-align=\"center\">P. Weilbacher (AIP)<\/td><td class=\"has-text-align-center\" data-align=\"center\"><a href=\"https:\/\/cral-perso.univ-lyon1.fr\/labo\/perso\/johan.richard\/BlueMUSE\/Workshop2020\/Weilbacher.pdf\">Blue wavelengths in red MUSE: Successes and Failures<\/a><\/td><\/tr><tr><td class=\"has-text-align-center\" data-align=\"center\">R. Smith (Durham)<\/td><td class=\"has-text-align-center\" data-align=\"center\"><a href=\"https:\/\/cral-perso.univ-lyon1.fr\/labo\/perso\/johan.richard\/BlueMUSE\/Workshop2020\/Smith.pdf\">Less obvious applications of MUSE and BlueMUSE<\/a><\/td><\/tr><tr><td class=\"has-text-align-center\" data-align=\"center\">J.P. Kneib (EPFL)<\/td><td class=\"has-text-align-center\" data-align=\"center\"><a href=\"https:\/\/cral-perso.univ-lyon1.fr\/labo\/perso\/johan.richard\/BlueMUSE\/Workshop2020\/Kneib.pdf\">Prospects for BlueMUSE in massive lensing clusters<\/a><\/td><\/tr><tr><td class=\"has-text-align-center\" data-align=\"center\">E. Daddi (CEA)<\/td><td class=\"has-text-align-center\" data-align=\"center\"><a href=\"https:\/\/cral-perso.univ-lyon1.fr\/labo\/perso\/johan.richard\/BlueMUSE\/Workshop2020\/Daddi.pdf\">High redshift clusters prospects for BlueMUSE<\/a><\/td><\/tr><tr><td class=\"has-text-align-center\" data-align=\"center\">M. Maseda (Leiden)<\/td><td class=\"has-text-align-center\" data-align=\"center\"><a href=\"https:\/\/cral-perso.univ-lyon1.fr\/labo\/perso\/johan.richard\/BlueMUSE\/Workshop2020\/Maseda.pdf\">Tying Lyman-alpha to rest-optical emission with BlueMUSE<\/a><\/td><\/tr><tr><td class=\"has-text-align-center\" data-align=\"center\">C. P\u00e9roux <br>(ESO \/ LAM)<\/td><td class=\"has-text-align-center\" data-align=\"center\"><a href=\"https:\/\/cral-perso.univ-lyon1.fr\/labo\/perso\/johan.richard\/BlueMUSE\/Workshop2020\/Peroux.pdf\">Unlocking the astrophysics of the Circum-<br>Galactic Medium with BlueMUSE<\/a><\/td><\/tr><tr><td class=\"has-text-align-center\" data-align=\"center\">J. Zabl (CRAL)<\/td><td class=\"has-text-align-center\" data-align=\"center\"><a href=\"https:\/\/cral-perso.univ-lyon1.fr\/labo\/perso\/johan.richard\/BlueMUSE\/Workshop2020\/Zabl.pdf\">Gas flows around galaxies: Mapping the CGM in absorption and in emission with BlueMUSE<\/a><\/td><\/tr><tr><td class=\"has-text-align-center\" data-align=\"center\">T. Urrutia (AIP)<\/td><td class=\"has-text-align-center\" data-align=\"center\"><a href=\"https:\/\/cral-perso.univ-lyon1.fr\/labo\/perso\/johan.richard\/BlueMUSE\/Workshop2020\/Urrutia.pdf\">Studying the warm CGM in emission with BlueMUSE<\/a><\/td><\/tr><tr><td class=\"has-text-align-center\" data-align=\"center\">P. Mitchell (Leiden)<\/td><td class=\"has-text-align-center\" data-align=\"center\"><a href=\"https:\/\/cral-perso.univ-lyon1.fr\/labo\/perso\/johan.richard\/BlueMUSE\/Workshop2020\/Mitchell.pdf\">A simulations perspective on BlueMUSE and the high redshift CGM<\/a><\/td><\/tr><tr><td class=\"has-text-align-center\" data-align=\"center\">A. Verhamme (Geneva)<\/td><td class=\"has-text-align-center\" data-align=\"center\"><a href=\"https:\/\/cral-perso.univ-lyon1.fr\/labo\/perso\/johan.richard\/BlueMUSE\/Workshop2020\/Verhamme.pdf\">The link between Lyman-alpha and Lyman continuum emission<\/a><\/td><\/tr><tr><td class=\"has-text-align-center\" data-align=\"center\">F. Leclercq (Geneva)<\/td><td class=\"has-text-align-center\" data-align=\"center\"><a href=\"https:\/\/cral-perso.univ-lyon1.fr\/labo\/perso\/johan.richard\/BlueMUSE\/Workshop2020\/Leclercq.pdf\">Extended gaseous haloes of star-forming galaxies seen with MUSE and foreseen with BlueMUSE<\/a><\/td><\/tr><tr><td class=\"has-text-align-center\" data-align=\"center\">J.Sanchez-Almeida (IAC)<\/td><td class=\"has-text-align-center\" data-align=\"center\"><a href=\"https:\/\/cral-perso.univ-lyon1.fr\/labo\/perso\/johan.richard\/BlueMUSE\/Workshop2020\/SanchezAlmeida.pdf\">Metallicity of the CGM and IGM, and detection of PopIII stars.<\/a><\/td><\/tr><tr><td class=\"has-text-align-center\" data-align=\"center\">DISCUSSION<\/td><td class=\"has-text-align-center\" data-align=\"center\"><a href=\"https:\/\/cral-perso.univ-lyon1.fr\/labo\/perso\/johan.richard\/BlueMUSE\/Workshop2020\/Discussion.pdf\">Instrument Capabilities I<\/a><\/td><\/tr><tr><td class=\"has-text-align-center\" data-align=\"center\">DISCUSSION<\/td><td class=\"has-text-align-center\" data-align=\"center\"><a href=\"https:\/\/cral-perso.univ-lyon1.fr\/labo\/perso\/johan.richard\/BlueMUSE\/Workshop2020\/Discussion2.pdf\">Instrument Capabilities II<\/a><\/td><\/tr><tr><td class=\"has-text-align-center\" data-align=\"center\"><a href=\"https:\/\/cral-perso.univ-lyon1.fr\/labo\/perso\/johan.richard\/BlueMUSE\/Workshop2020\/Short_Presentations_I.pdf\">Short Highlight Talks I<\/a><\/td><td class=\"has-text-align-center\" data-align=\"center\"><a href=\"https:\/\/cral-perso.univ-lyon1.fr\/labo\/perso\/johan.richard\/BlueMUSE\/Workshop2020\/Merged.pdf\">[Merged PDF presentation]<\/a><\/td><\/tr><tr><td class=\"has-text-align-center\" data-align=\"center\"><a href=\"https:\/\/cral-perso.univ-lyon1.fr\/labo\/perso\/johan.richard\/BlueMUSE\/Workshop2020\/Short_Presentations_II.pdf\">Short Highlight Talks II<\/a><\/td><td class=\"has-text-align-center\" data-align=\"center\"><a href=\"https:\/\/cral-perso.univ-lyon1.fr\/labo\/perso\/johan.richard\/BlueMUSE\/Workshop2020\/Merged2.pdf\">[Merged PDF presentation]<\/a><\/td><\/tr><\/tbody><\/table><\/figure>\n\n\n\n<p>Group Picture!<\/p>\n\n\n\n<figure class=\"wp-block-image size-large\"><img loading=\"lazy\" decoding=\"async\" width=\"598\" height=\"1024\" src=\"https:\/\/bluemuse.univ-lyon1.fr\/wp-content\/myimages\/2020\/11\/group_picture-598x1024.jpg\" alt=\"\" class=\"wp-image-239\" srcset=\"https:\/\/bluemuse.univ-lyon1.fr\/wp-content\/myimages\/2020\/11\/group_picture-598x1024.jpg 598w, https:\/\/bluemuse.univ-lyon1.fr\/wp-content\/myimages\/2020\/11\/group_picture-175x300.jpg 175w, https:\/\/bluemuse.univ-lyon1.fr\/wp-content\/myimages\/2020\/11\/group_picture-768x1315.jpg 768w, https:\/\/bluemuse.univ-lyon1.fr\/wp-content\/myimages\/2020\/11\/group_picture-897x1536.jpg 897w, https:\/\/bluemuse.univ-lyon1.fr\/wp-content\/myimages\/2020\/11\/group_picture-1196x2048.jpg 1196w, https:\/\/bluemuse.univ-lyon1.fr\/wp-content\/myimages\/2020\/11\/group_picture-1200x2055.jpg 1200w, https:\/\/bluemuse.univ-lyon1.fr\/wp-content\/myimages\/2020\/11\/group_picture-scaled.jpg 1495w\" sizes=\"auto, (max-width: 598px) 100vw, 598px\" \/><\/figure>\n","protected":false},"excerpt":{"rendered":"<p>The first BlueMUSE Science Workshop happened virtually on Nov 9th Nov 10th 2020, with 196 registered participants! Below are PDFs of the scientific presentations.Video\/Audio recordings are available for some of the talks, by request to bluemuse-sw@sciencesconf.org Speaker \/ institute Title J.Richard (CRAL) + LOC\/SOC Workshop organisation R.Bacon (CRAL) Introduction, BlueMUSE context J.Richard (CRAL) BlueMUSE project&hellip;&nbsp;<a href=\"https:\/\/bluemuse.univ-lyon1.fr\/index.php\/bluemuse-science-workshop\/\" rel=\"bookmark\">Read More &raquo;<span class=\"screen-reader-text\">BlueMUSE Science Workshop &#8211; 2020<\/span><\/a><\/p>\n","protected":false},"author":1,"featured_media":0,"parent":0,"menu_order":0,"comment_status":"closed","ping_status":"open","template":"","meta":{"neve_meta_sidebar":"","neve_meta_container":"","neve_meta_enable_content_width":"","neve_meta_content_width":0,"neve_meta_title_alignment":"","neve_meta_author_avatar":"","neve_post_elements_order":"","neve_meta_disable_header":"","neve_meta_disable_footer":"","neve_meta_disable_title":"","footnotes":""},"class_list":["post-230","page","type-page","status-publish","hentry"],"_links":{"self":[{"href":"https:\/\/bluemuse.univ-lyon1.fr\/index.php\/wp-json\/wp\/v2\/pages\/230","targetHints":{"allow":["GET"]}}],"collection":[{"href":"https:\/\/bluemuse.univ-lyon1.fr\/index.php\/wp-json\/wp\/v2\/pages"}],"about":[{"href":"https:\/\/bluemuse.univ-lyon1.fr\/index.php\/wp-json\/wp\/v2\/types\/page"}],"author":[{"embeddable":true,"href":"https:\/\/bluemuse.univ-lyon1.fr\/index.php\/wp-json\/wp\/v2\/users\/1"}],"replies":[{"embeddable":true,"href":"https:\/\/bluemuse.univ-lyon1.fr\/index.php\/wp-json\/wp\/v2\/comments?post=230"}],"version-history":[{"count":14,"href":"https:\/\/bluemuse.univ-lyon1.fr\/index.php\/wp-json\/wp\/v2\/pages\/230\/revisions"}],"predecessor-version":[{"id":678,"href":"https:\/\/bluemuse.univ-lyon1.fr\/index.php\/wp-json\/wp\/v2\/pages\/230\/revisions\/678"}],"wp:attachment":[{"href":"https:\/\/bluemuse.univ-lyon1.fr\/index.php\/wp-json\/wp\/v2\/media?parent=230"}],"curies":[{"name":"wp","href":"https:\/\/api.w.org\/{rel}","templated":true}]}}